{"id":2325,"date":"2025-01-13T16:52:36","date_gmt":"2025-01-13T21:52:36","guid":{"rendered":"https:\/\/devassetsconsulting.com\/?post_type=product&#038;p=2325"},"modified":"2025-03-21T01:02:57","modified_gmt":"2025-03-21T06:02:57","slug":"alquilar-un-puesto-por-mes-coworking-mall-meridiano-novaterra-mosquera-cundinamarca","status":"publish","type":"product","link":"https:\/\/devassetsconsulting.com\/index.php\/product\/alquilar-un-puesto-por-mes-coworking-mall-meridiano-novaterra-mosquera-cundinamarca\/","title":{"rendered":"Alquilar un puesto por mes Coworking Mall Meridiano Novaterra Mosquera, Cundinamarca"},"content":{"rendered":"<p>Transforma tu forma de trabajar con nuestro servicio de coworking mensual. Con internet de alta velocidad, un escritorio exclusivo, y una silla gerencial ergon\u00f3mica, tendr\u00e1s todo lo que necesitas para mantenerte c\u00f3modo y productivo. Guarda tus documentos con confianza en un archivador con llave y disfruta de un comedor completamente equipado con horno microondas, pensado para tu bienestar.<\/p>\n<p>\u00bfReuniones importantes? Accede a nuestras salas de reuniones por un costo adicional y lleva tu negocio al siguiente nivel. Aprovecha esta oportunidad de trabajar en un entorno profesional por un mes completo. \u00a1Reserva ahora y haz de este espacio tu oficina ideal!<\/p>\n<p>Horarios: Lunes a viernes de 8 a.m. a 6 p.m.<\/p>\n<p>Necesitas trabajar un s\u00e1bado ocasionalmente?, solo coordinemoslo.<\/p>\n","protected":false},"excerpt":{"rendered":"<p>Espacio de coworking mensual con internet, silla ergon\u00f3mica, escritorio exclusivo y comedor. Perfecto para profesionales y emprendedores.<\/p>\n","protected":false},"featured_media":2321,"comment_status":"open","ping_status":"closed","template":"","meta":{"_gspb_post_css":"","om_disable_all_campaigns":false,"_uf_show_specific_survey":0,"_uf_disable_surveys":false},"product_brand":[],"product_cat":[31],"product_tag":[],"class_list":{"0":"post-2325","1":"product","2":"type-product","3":"status-publish","4":"has-post-thumbnail","6":"product_cat-coworking","8":"first","9":"instock","10":"virtual","11":"taxable","12":"purchasable","13":"product-type-simple"},"aioseo_notices":[],"_links":{"self":[{"href":"https:\/\/devassetsconsulting.com\/index.php\/wp-json\/wp\/v2\/product\/2325","targetHints":{"allow":["GET"]}}],"collection":[{"href":"https:\/\/devassetsconsulting.com\/index.php\/wp-json\/wp\/v2\/product"}],"about":[{"href":"https:\/\/devassetsconsulting.com\/index.php\/wp-json\/wp\/v2\/types\/product"}],"replies":[{"embeddable":true,"href":"https:\/\/devassetsconsulting.com\/index.php\/wp-json\/wp\/v2\/comments?post=2325"}],"wp:featuredmedia":[{"embeddable":true,"href":"https:\/\/devassetsconsulting.com\/index.php\/wp-json\/wp\/v2\/media\/2321"}],"wp:attachment":[{"href":"https:\/\/devassetsconsulting.com\/index.php\/wp-json\/wp\/v2\/media?parent=2325"}],"wp:term":[{"taxonomy":"product_brand","embeddable":true,"href":"https:\/\/devassetsconsulting.com\/index.php\/wp-json\/wp\/v2\/product_brand?post=2325"},{"taxonomy":"product_cat","embeddable":true,"href":"https:\/\/devassetsconsulting.com\/index.php\/wp-json\/wp\/v2\/product_cat?post=2325"},{"taxonomy":"product_tag","embeddable":true,"href":"https:\/\/devassetsconsulting.com\/index.php\/wp-json\/wp\/v2\/product_tag?post=2325"}],"curies":[{"name":"wp","href":"https:\/\/api.w.org\/{rel}","templated":true}]}}