{"id":2341,"date":"2025-01-20T10:47:17","date_gmt":"2025-01-20T15:47:17","guid":{"rendered":"https:\/\/devassetsconsulting.com\/?page_id=2341"},"modified":"2025-02-21T12:52:20","modified_gmt":"2025-02-21T17:52:20","slug":"comentarios-de-nuestros-clientes","status":"publish","type":"page","link":"https:\/\/devassetsconsulting.com\/index.php\/comentarios-de-nuestros-clientes\/","title":{"rendered":"Opiniones de nuestros clientes"},"content":{"rendered":"\t\t<div data-elementor-type=\"wp-page\" data-elementor-id=\"2341\" class=\"elementor elementor-2341\">\n\t\t\t\t\t\t<div class=\"elementor-section elementor-top-section elementor-element elementor-element-044770a elementor-section-boxed elementor-section-height-default elementor-section-height-default\" data-id=\"044770a\" data-element_type=\"section\">\n\t\t\t\t\t\t<div class=\"elementor-container elementor-column-gap-default\">\n\t\t\t\t\t<div class=\"elementor-column elementor-col-100 elementor-top-column elementor-element elementor-element-83402a4\" data-id=\"83402a4\" data-element_type=\"column\">\n\t\t\t<div class=\"elementor-widget-wrap elementor-element-populated\">\n\t\t\t\t\t\t<div class=\"elementor-element elementor-element-9454156 elementor-widget elementor-widget-spacer\" data-id=\"9454156\" data-element_type=\"widget\" data-widget_type=\"spacer.default\">\n\t\t\t\t<div class=\"elementor-widget-container\">\n\t\t\t\t\t\t\t<div class=\"elementor-spacer\">\n\t\t\t<div class=\"elementor-spacer-inner\"><\/div>\n\t\t<\/div>\n\t\t\t\t\t\t<\/div>\n\t\t\t\t<\/div>\n\t\t\t\t<div class=\"elementor-element elementor-element-b396350 elementor-position-top elementor-widget elementor-widget-image-box\" data-id=\"b396350\" data-element_type=\"widget\" data-widget_type=\"image-box.default\">\n\t\t\t\t<div class=\"elementor-widget-container\">\n\t\t\t\t\t<div class=\"elementor-image-box-wrapper\"><figure class=\"elementor-image-box-img\"><img fetchpriority=\"high\" decoding=\"async\" width=\"263\" height=\"205\" src=\"https:\/\/devassetsconsulting.com\/wp-content\/uploads\/2025\/01\/6.-Logo.png\" class=\"attachment-full size-full wp-image-2308\" alt=\"logovialambre\" \/><\/figure><div class=\"elementor-image-box-content\"><div class=\"elementor-image-box-title\">Paola Rojas \nGerente administrativa<\/div><p class=\"elementor-image-box-description\">\"Trabajar con Developing Assets y, en especial, con Antonio, ha sido una experiencia incre\u00edble. Su compromiso y conocimiento nos han permitido organizar, mejorar y obtener informaci\u00f3n de una manera mucho m\u00e1s clara y eficiente.\n\nJunto a ellos desarrollamos una herramienta tal como la hab\u00edamos so\u00f1ado para controlar la producci\u00f3n en nuestra f\u00e1brica. Este desarrollo no solo nos ha ayudado a crecer, sino que tambi\u00e9n nos ha permitido tener un control mucho m\u00e1s preciso sobre nuestras operaciones diarias.\n\nLo m\u00e1s impresionante es que esta herramienta fue creada utilizando Excel, Visual Basic y otras herramientas que Antonio y su equipo adaptaron perfectamente a nuestras necesidades espec\u00edficas dando como resultado  una soluci\u00f3n completa, muy intuitiva y de f\u00e1cil uso, que puede ser utilizada por toda la compa\u00f1\u00eda.\n\nLa calidad de la informaci\u00f3n que ahora obtenemos gracias a esta herramienta nos ha permitido tomar decisiones mucho m\u00e1s acertadas, algo que valoramos enormemente en el d\u00eda a d\u00eda de nuestra operaci\u00f3n. Recomiendo ampliamente el trabajo de Developing Assets para cualquier empresa que busque optimizar y organizar sus procesos. Una experiencia incre\u00edble!\"<\/p><\/div><\/div>\t\t\t\t<\/div>\n\t\t\t\t<\/div>\n\t\t\t\t<div class=\"elementor-element elementor-element-4c7e8ad elementor-widget elementor-widget-spacer\" data-id=\"4c7e8ad\" data-element_type=\"widget\" data-widget_type=\"spacer.default\">\n\t\t\t\t<div class=\"elementor-widget-container\">\n\t\t\t\t\t\t\t<div class=\"elementor-spacer\">\n\t\t\t<div class=\"elementor-spacer-inner\"><\/div>\n\t\t<\/div>\n\t\t\t\t\t\t<\/div>\n\t\t\t\t<\/div>\n\t\t\t\t\t<\/div>\n\t\t<\/div>\n\t\t\t\t\t<\/div>\n\t\t<\/div>\n\t\t\t\t<div class=\"elementor-section elementor-top-section elementor-element elementor-element-30e6a4b elementor-section-boxed elementor-section-height-default elementor-section-height-default\" data-id=\"30e6a4b\" data-element_type=\"section\">\n\t\t\t\t\t\t<div class=\"elementor-container elementor-column-gap-default\">\n\t\t\t\t\t<div class=\"elementor-column elementor-col-100 elementor-top-column elementor-element elementor-element-d857165\" data-id=\"d857165\" data-element_type=\"column\">\n\t\t\t<div class=\"elementor-widget-wrap elementor-element-populated\">\n\t\t\t\t\t\t<div class=\"elementor-element elementor-element-ade4dfb elementor-widget elementor-widget-spacer\" data-id=\"ade4dfb\" data-element_type=\"widget\" data-widget_type=\"spacer.default\">\n\t\t\t\t<div class=\"elementor-widget-container\">\n\t\t\t\t\t\t\t<div class=\"elementor-spacer\">\n\t\t\t<div class=\"elementor-spacer-inner\"><\/div>\n\t\t<\/div>\n\t\t\t\t\t\t<\/div>\n\t\t\t\t<\/div>\n\t\t\t\t<div class=\"elementor-element elementor-element-a89cf75 elementor-position-top elementor-widget elementor-widget-image-box\" data-id=\"a89cf75\" data-element_type=\"widget\" data-widget_type=\"image-box.default\">\n\t\t\t\t<div class=\"elementor-widget-container\">\n\t\t\t\t\t<div class=\"elementor-image-box-wrapper\"><figure class=\"elementor-image-box-img\"><img decoding=\"async\" width=\"1600\" height=\"421\" src=\"https:\/\/devassetsconsulting.com\/wp-content\/uploads\/2025\/01\/WhatsApp-Image-2024-12-18-at-10.32.48.jpeg\" class=\"attachment-full size-full wp-image-2365\" alt=\"logovital\" srcset=\"https:\/\/devassetsconsulting.com\/wp-content\/uploads\/2025\/01\/WhatsApp-Image-2024-12-18-at-10.32.48.jpeg 1600w, https:\/\/devassetsconsulting.com\/wp-content\/uploads\/2025\/01\/WhatsApp-Image-2024-12-18-at-10.32.48-300x79.jpeg 300w, https:\/\/devassetsconsulting.com\/wp-content\/uploads\/2025\/01\/WhatsApp-Image-2024-12-18-at-10.32.48-1024x269.jpeg 1024w, https:\/\/devassetsconsulting.com\/wp-content\/uploads\/2025\/01\/WhatsApp-Image-2024-12-18-at-10.32.48-768x202.jpeg 768w, https:\/\/devassetsconsulting.com\/wp-content\/uploads\/2025\/01\/WhatsApp-Image-2024-12-18-at-10.32.48-1536x404.jpeg 1536w, https:\/\/devassetsconsulting.com\/wp-content\/uploads\/2025\/01\/WhatsApp-Image-2024-12-18-at-10.32.48-600x158.jpeg 600w\" sizes=\"(max-width: 1600px) 100vw, 1600px\" \/><\/figure><div class=\"elementor-image-box-content\"><div class=\"elementor-image-box-title\">Andres Correa \nGerente general<\/div><p class=\"elementor-image-box-description\">\"Gracias a el ingenio y visi\u00f3n que encontramos en Developing Assets consulting Firm, Vital cuenta ahora con una herramienta que nos permite optimizar los procesos internos y tener una conexi\u00f3n de todos los departamentos que intervienen en la operaci\u00f3n. Caminamos con los objetivos que tenemos a futuro de la mano de la tecnolog\u00eda,  y con esto esperamos  extenderla a nuestros clientes. \nGracias por todo el apoyo\u2026\"<\/p><\/div><\/div>\t\t\t\t<\/div>\n\t\t\t\t<\/div>\n\t\t\t\t<div class=\"elementor-element elementor-element-5070f2a elementor-widget elementor-widget-spacer\" data-id=\"5070f2a\" data-element_type=\"widget\" data-widget_type=\"spacer.default\">\n\t\t\t\t<div class=\"elementor-widget-container\">\n\t\t\t\t\t\t\t<div class=\"elementor-spacer\">\n\t\t\t<div class=\"elementor-spacer-inner\"><\/div>\n\t\t<\/div>\n\t\t\t\t\t\t<\/div>\n\t\t\t\t<\/div>\n\t\t\t\t\t<\/div>\n\t\t<\/div>\n\t\t\t\t\t<\/div>\n\t\t<\/div>\n\t\t\t\t<\/div>\n\t\t","protected":false},"excerpt":{"rendered":"<p>Paola Rojas Gerente administrativa \u00abTrabajar con Developing Assets y, en especial, con Antonio, ha sido una experiencia incre\u00edble. Su compromiso y conocimiento nos han permitido organizar, mejorar y obtener informaci\u00f3n de una manera mucho m\u00e1s clara y eficiente. Junto a ellos desarrollamos una herramienta tal como la hab\u00edamos so\u00f1ado para controlar la producci\u00f3n en nuestra [&hellip;]<\/p>\n","protected":false},"author":1,"featured_media":0,"parent":0,"menu_order":0,"comment_status":"closed","ping_status":"closed","template":"","meta":{"_gspb_post_css":"","om_disable_all_campaigns":false,"_uf_show_specific_survey":0,"_uf_disable_surveys":false,"footnotes":""},"class_list":["post-2341","page","type-page","status-publish","hentry"],"blocksy_meta":[],"aioseo_notices":[],"_links":{"self":[{"href":"https:\/\/devassetsconsulting.com\/index.php\/wp-json\/wp\/v2\/pages\/2341","targetHints":{"allow":["GET"]}}],"collection":[{"href":"https:\/\/devassetsconsulting.com\/index.php\/wp-json\/wp\/v2\/pages"}],"about":[{"href":"https:\/\/devassetsconsulting.com\/index.php\/wp-json\/wp\/v2\/types\/page"}],"author":[{"embeddable":true,"href":"https:\/\/devassetsconsulting.com\/index.php\/wp-json\/wp\/v2\/users\/1"}],"replies":[{"embeddable":true,"href":"https:\/\/devassetsconsulting.com\/index.php\/wp-json\/wp\/v2\/comments?post=2341"}],"version-history":[{"count":18,"href":"https:\/\/devassetsconsulting.com\/index.php\/wp-json\/wp\/v2\/pages\/2341\/revisions"}],"predecessor-version":[{"id":2741,"href":"https:\/\/devassetsconsulting.com\/index.php\/wp-json\/wp\/v2\/pages\/2341\/revisions\/2741"}],"wp:attachment":[{"href":"https:\/\/devassetsconsulting.com\/index.php\/wp-json\/wp\/v2\/media?parent=2341"}],"curies":[{"name":"wp","href":"https:\/\/api.w.org\/{rel}","templated":true}]}}