{"id":1408,"date":"2024-05-04T03:32:17","date_gmt":"2024-05-04T03:32:17","guid":{"rendered":"https:\/\/devassetsconsulting.com\/?page_id=1408"},"modified":"2024-08-18T18:55:36","modified_gmt":"2024-08-18T23:55:36","slug":"quienes-somos","status":"publish","type":"page","link":"https:\/\/devassetsconsulting.com\/index.php\/quienes-somos\/","title":{"rendered":"Nosotros"},"content":{"rendered":"\t\t<div data-elementor-type=\"wp-page\" data-elementor-id=\"1408\" class=\"elementor elementor-1408\">\n\t\t\t\t\t\t<section class=\"elementor-section elementor-top-section elementor-element elementor-element-230e5bd elementor-section-boxed elementor-section-height-default elementor-section-height-default\" data-id=\"230e5bd\" data-element_type=\"section\">\n\t\t\t\t\t\t<div class=\"elementor-container elementor-column-gap-default\">\n\t\t\t\t\t<div class=\"elementor-column elementor-col-100 elementor-top-column elementor-element elementor-element-9f0d990\" data-id=\"9f0d990\" data-element_type=\"column\">\n\t\t\t<div class=\"elementor-widget-wrap elementor-element-populated\">\n\t\t\t\t\t\t<div class=\"elementor-element elementor-element-239711c elementor-widget elementor-widget-heading\" data-id=\"239711c\" data-element_type=\"widget\" data-widget_type=\"heading.default\">\n\t\t\t\t<div class=\"elementor-widget-container\">\n\t\t\t\t\t<h1 class=\"elementor-heading-title elementor-size-default\">Conoce a nuestro equipo experto que te brindar\u00e1 una soluci\u00f3n oportuna<\/h1>\t\t\t\t<\/div>\n\t\t\t\t<\/div>\n\t\t\t\t\t<\/div>\n\t\t<\/div>\n\t\t\t\t\t<\/div>\n\t\t<\/section>\n\t\t\t\t<section class=\"elementor-section elementor-top-section elementor-element elementor-element-37461f5 elementor-section-boxed elementor-section-height-default elementor-section-height-default\" data-id=\"37461f5\" data-element_type=\"section\">\n\t\t\t\t\t\t<div class=\"elementor-container elementor-column-gap-default\">\n\t\t\t\t\t<div class=\"elementor-column elementor-col-100 elementor-top-column elementor-element elementor-element-827a445\" data-id=\"827a445\" data-element_type=\"column\">\n\t\t\t<div class=\"elementor-widget-wrap elementor-element-populated\">\n\t\t\t\t\t\t<section class=\"elementor-section elementor-inner-section elementor-element elementor-element-5577dfc elementor-section-boxed elementor-section-height-default elementor-section-height-default\" data-id=\"5577dfc\" data-element_type=\"section\">\n\t\t\t\t\t\t<div class=\"elementor-container elementor-column-gap-default\">\n\t\t\t\t\t<div class=\"elementor-column elementor-col-50 elementor-inner-column elementor-element elementor-element-129fb0e\" data-id=\"129fb0e\" data-element_type=\"column\">\n\t\t\t<div class=\"elementor-widget-wrap elementor-element-populated\">\n\t\t\t\t\t\t<div class=\"elementor-element elementor-element-5070aa5 elementor-widget elementor-widget-heading\" data-id=\"5070aa5\" data-element_type=\"widget\" data-widget_type=\"heading.default\">\n\t\t\t\t<div class=\"elementor-widget-container\">\n\t\t\t\t\t<h2 class=\"elementor-heading-title elementor-size-large\">Hemerson Rativa<\/h2>\t\t\t\t<\/div>\n\t\t\t\t<\/div>\n\t\t\t\t<div class=\"elementor-element elementor-element-95a2818 elementor-widget elementor-widget-image\" data-id=\"95a2818\" data-element_type=\"widget\" data-widget_type=\"image.default\">\n\t\t\t\t<div class=\"elementor-widget-container\">\n\t\t\t\t\t\t\t\t\t\t\t\t\t\t\t<img fetchpriority=\"high\" decoding=\"async\" width=\"523\" height=\"426\" src=\"https:\/\/devassetsconsulting.com\/wp-content\/uploads\/2024\/08\/hrativa.png\" class=\"attachment-full size-full wp-image-1972\" alt=\"Hemerson Rativa capacitador en Excel\" srcset=\"https:\/\/devassetsconsulting.com\/wp-content\/uploads\/2024\/08\/hrativa.png 523w, https:\/\/devassetsconsulting.com\/wp-content\/uploads\/2024\/08\/hrativa-300x244.png 300w\" sizes=\"(max-width: 523px) 100vw, 523px\" \/>\t\t\t\t\t\t\t\t\t\t\t\t\t\t\t<\/div>\n\t\t\t\t<\/div>\n\t\t\t\t<div class=\"elementor-element elementor-element-7b35c16 elementor-widget elementor-widget-text-editor\" data-id=\"7b35c16\" data-element_type=\"widget\" data-widget_type=\"text-editor.default\">\n\t\t\t\t<div class=\"elementor-widget-container\">\n\t\t\t\t\t\t\t\t\t<p>Contador P\u00fablico egresado de la Corporaci\u00f3n universitaria Remington, Master en Finanzas con \u00e9nfasis en Direcci\u00f3n Financiera&nbsp; y Master en Direcci\u00f3n y Administraci\u00f3n de Empresas MBA, con m\u00e1s de una d\u00e9cada dedicado y comprometido con la excelencia y crecimiento continuo. Durante esta tiempo mi experiencia se ha enfocado en la mejora de procesos a trav\u00e9s de formulaci\u00f3n y reportes en Excel con el uso de Power Query&nbsp; y Macros, partiendo de informaci\u00f3n disponible en los sistemas contables, con mayor enfoque en SIIGO.<\/p><p>Mi experiencia como Docente ha sido en instituciones de preparaci\u00f3n de t\u00e9cnicos laborales, en el instituto Andap y cursos impartidos a diversas compa\u00f1\u00edas PYMES del pa\u00eds.<\/p>\n<p><a style=\"background-color: #ffffff;\" href=\"https:\/\/www.linkedin.com\/in\/hemersonrativa\/\">https:\/\/www.linkedin.com\/in\/hemersonrativa\/<\/a><\/p>\t\t\t\t\t\t\t\t<\/div>\n\t\t\t\t<\/div>\n\t\t\t\t\t<\/div>\n\t\t<\/div>\n\t\t\t\t<div class=\"elementor-column elementor-col-50 elementor-inner-column elementor-element elementor-element-c82eac8\" data-id=\"c82eac8\" data-element_type=\"column\">\n\t\t\t<div class=\"elementor-widget-wrap elementor-element-populated\">\n\t\t\t\t\t\t<div class=\"elementor-element elementor-element-3cc4136 elementor-widget elementor-widget-heading\" data-id=\"3cc4136\" data-element_type=\"widget\" data-widget_type=\"heading.default\">\n\t\t\t\t<div class=\"elementor-widget-container\">\n\t\t\t\t\t<h2 class=\"elementor-heading-title elementor-size-large\">Antonio Robayo<\/h2>\t\t\t\t<\/div>\n\t\t\t\t<\/div>\n\t\t\t\t<div class=\"elementor-element elementor-element-bfe4a41 elementor-widget elementor-widget-image\" data-id=\"bfe4a41\" data-element_type=\"widget\" data-widget_type=\"image.default\">\n\t\t\t\t<div class=\"elementor-widget-container\">\n\t\t\t\t\t\t\t\t\t\t\t\t\t\t\t\t<a href=\"http:\/\/www.linkedin.com\/in\/antonio-robayo\" target=\"_blank\">\n\t\t\t\t\t\t\t<img decoding=\"async\" width=\"523\" height=\"428\" src=\"https:\/\/devassetsconsulting.com\/wp-content\/uploads\/2024\/08\/arobayo.jpg\" class=\"attachment-large size-large wp-image-1973\" alt=\"Antonio Robayo Capacitador\" srcset=\"https:\/\/devassetsconsulting.com\/wp-content\/uploads\/2024\/08\/arobayo.jpg 523w, https:\/\/devassetsconsulting.com\/wp-content\/uploads\/2024\/08\/arobayo-300x246.jpg 300w\" sizes=\"(max-width: 523px) 100vw, 523px\" \/>\t\t\t\t\t\t\t\t<\/a>\n\t\t\t\t\t\t\t\t\t\t\t\t\t\t\t<\/div>\n\t\t\t\t<\/div>\n\t\t\t\t<div class=\"elementor-element elementor-element-dd4da6c elementor-widget elementor-widget-text-editor\" data-id=\"dd4da6c\" data-element_type=\"widget\" data-widget_type=\"text-editor.default\">\n\t\t\t\t<div class=\"elementor-widget-container\">\n\t\t\t\t\t\t\t\t\t<p>Ingeniero industrial egresado de la Escuela Colombiana de ingenier\u00eda Julio Garavito con m\u00e1s de 10 a\u00f1os de experiencia en mejora de procesos usando automatizaci\u00f3n de reporte en Excel usando Power Query, macros, plataformas de visualizaci\u00f3n como Power BI y Looker Studio. Adicionalmente experiencia con bases de datos como Microsoft Access, SQl server y Big Query.<\/p><p>Experiencia como instructor de cursos de excel durante m\u00e1s de 9 a\u00f1os en diferentes universidades como la Escuela Colombiana de Ingenier\u00eda, Universidad de la Sabana y Universidad de los Andes con los cap\u00edtulos de ingenier\u00eda industrial de estas entidades.<\/p><p><a href=\"http:\/\/www.linkedin.com\/in\/antonio-robayo\">http:\/\/www.linkedin.com\/in\/antonio-robayo<\/a><\/p>\t\t\t\t\t\t\t\t<\/div>\n\t\t\t\t<\/div>\n\t\t\t\t\t<\/div>\n\t\t<\/div>\n\t\t\t\t\t<\/div>\n\t\t<\/section>\n\t\t\t\t\t<\/div>\n\t\t<\/div>\n\t\t\t\t\t<\/div>\n\t\t<\/section>\n\t\t\t\t<section class=\"elementor-section elementor-top-section elementor-element elementor-element-db7cc9c elementor-section-boxed elementor-section-height-default elementor-section-height-default\" data-id=\"db7cc9c\" data-element_type=\"section\">\n\t\t\t\t\t\t<div class=\"elementor-container elementor-column-gap-default\">\n\t\t\t\t\t<div class=\"elementor-column elementor-col-100 elementor-top-column elementor-element elementor-element-7b9dddb\" data-id=\"7b9dddb\" data-element_type=\"column\">\n\t\t\t<div class=\"elementor-widget-wrap\">\n\t\t\t\t\t\t\t<\/div>\n\t\t<\/div>\n\t\t\t\t\t<\/div>\n\t\t<\/section>\n\t\t\t\t<\/div>\n\t\t","protected":false},"excerpt":{"rendered":"<p>Conoce a nuestro equipo experto que te brindar\u00e1 una soluci\u00f3n oportuna Hemerson Rativa Contador P\u00fablico egresado de la Corporaci\u00f3n universitaria Remington, Master en Finanzas con \u00e9nfasis en Direcci\u00f3n Financiera&nbsp; y Master en Direcci\u00f3n y Administraci\u00f3n de Empresas MBA, con m\u00e1s de una d\u00e9cada dedicado y comprometido con la excelencia y crecimiento continuo. Durante esta tiempo [&hellip;]<\/p>\n","protected":false},"author":1,"featured_media":0,"parent":0,"menu_order":0,"comment_status":"closed","ping_status":"closed","template":"","meta":{"_gspb_post_css":"","om_disable_all_campaigns":false,"_uf_show_specific_survey":0,"_uf_disable_surveys":false,"footnotes":""},"class_list":["post-1408","page","type-page","status-publish","hentry"],"blocksy_meta":[],"aioseo_notices":[],"_links":{"self":[{"href":"https:\/\/devassetsconsulting.com\/index.php\/wp-json\/wp\/v2\/pages\/1408","targetHints":{"allow":["GET"]}}],"collection":[{"href":"https:\/\/devassetsconsulting.com\/index.php\/wp-json\/wp\/v2\/pages"}],"about":[{"href":"https:\/\/devassetsconsulting.com\/index.php\/wp-json\/wp\/v2\/types\/page"}],"author":[{"embeddable":true,"href":"https:\/\/devassetsconsulting.com\/index.php\/wp-json\/wp\/v2\/users\/1"}],"replies":[{"embeddable":true,"href":"https:\/\/devassetsconsulting.com\/index.php\/wp-json\/wp\/v2\/comments?post=1408"}],"version-history":[{"count":62,"href":"https:\/\/devassetsconsulting.com\/index.php\/wp-json\/wp\/v2\/pages\/1408\/revisions"}],"predecessor-version":[{"id":1979,"href":"https:\/\/devassetsconsulting.com\/index.php\/wp-json\/wp\/v2\/pages\/1408\/revisions\/1979"}],"wp:attachment":[{"href":"https:\/\/devassetsconsulting.com\/index.php\/wp-json\/wp\/v2\/media?parent=1408"}],"curies":[{"name":"wp","href":"https:\/\/api.w.org\/{rel}","templated":true}]}}